{"id":422,"date":"2024-02-08T16:50:36","date_gmt":"2024-02-08T16:50:36","guid":{"rendered":"https:\/\/koffa.ma\/?post_type=product&#038;p=422"},"modified":"2026-02-09T10:13:22","modified_gmt":"2026-02-09T10:13:22","slug":"berkoukch-de-mais-500-g","status":"publish","type":"product","link":"https:\/\/koffa.ma\/ar\/product\/berkoukch-de-mais-500-g\/","title":{"rendered":"\u0628\u0631\u0643\u0648\u0643\u0634 \u0628\u0627\u0644\u0630\u0631\u0629 500\u063a"},"content":{"rendered":"<p>Le Berkoukech marocain a la capacit\u00e9 de fournir de l&rsquo;\u00e9nergie et de la chaleur au corps pendant l&rsquo;hiver. Il est principalement compos\u00e9 de c\u00e9r\u00e9ales transform\u00e9es en semoule. Le Berkoukech est consid\u00e9r\u00e9 comme un plat nutritif pour les femmes allaitantes.<\/p>","protected":false},"excerpt":{"rendered":"<p>Le Berkoukech marocain a la capacit\u00e9 de fournir de l&rsquo;\u00e9nergie et de la chaleur au corps pendant l&rsquo;hiver. Il est principalement compos\u00e9 de c\u00e9r\u00e9ales transform\u00e9es en semoule. Le Berkoukech est consid\u00e9r\u00e9 comme un plat nutritif pour les femmes allaitantes.<\/p>","protected":false},"featured_media":423,"comment_status":"open","ping_status":"closed","template":"","meta":{"_monsterinsights_skip_tracking":false,"_monsterinsights_sitenote_active":false,"_monsterinsights_sitenote_note":"","_monsterinsights_sitenote_category":0},"product_brand":[],"product_cat":[52],"product_tag":[77],"class_list":{"0":"post-422","1":"product","2":"type-product","3":"status-publish","4":"has-post-thumbnail","6":"product_cat-semoules-et-farines","7":"product_tag-semoules-et-farines","9":"first","10":"instock","11":"shipping-taxable","12":"purchasable","13":"product-type-simple"},"_links":{"self":[{"href":"https:\/\/koffa.ma\/ar\/wp-json\/wp\/v2\/product\/422","targetHints":{"allow":["GET"]}}],"collection":[{"href":"https:\/\/koffa.ma\/ar\/wp-json\/wp\/v2\/product"}],"about":[{"href":"https:\/\/koffa.ma\/ar\/wp-json\/wp\/v2\/types\/product"}],"replies":[{"embeddable":true,"href":"https:\/\/koffa.ma\/ar\/wp-json\/wp\/v2\/comments?post=422"}],"wp:featuredmedia":[{"embeddable":true,"href":"https:\/\/koffa.ma\/ar\/wp-json\/wp\/v2\/media\/423"}],"wp:attachment":[{"href":"https:\/\/koffa.ma\/ar\/wp-json\/wp\/v2\/media?parent=422"}],"wp:term":[{"taxonomy":"product_brand","embeddable":true,"href":"https:\/\/koffa.ma\/ar\/wp-json\/wp\/v2\/product_brand?post=422"},{"taxonomy":"product_cat","embeddable":true,"href":"https:\/\/koffa.ma\/ar\/wp-json\/wp\/v2\/product_cat?post=422"},{"taxonomy":"product_tag","embeddable":true,"href":"https:\/\/koffa.ma\/ar\/wp-json\/wp\/v2\/product_tag?post=422"}],"curies":[{"name":"wp","href":"https:\/\/api.w.org\/{rel}","templated":true}]}}