{"id":380,"date":"2024-02-08T16:04:46","date_gmt":"2024-02-08T16:04:46","guid":{"rendered":"https:\/\/koffa.ma\/?post_type=product&#038;p=380"},"modified":"2026-02-09T10:13:22","modified_gmt":"2026-02-09T10:13:22","slug":"huile-dargan-cosmetique-50-ml","status":"publish","type":"product","link":"https:\/\/koffa.ma\/ar\/product\/huile-dargan-cosmetique-50-ml\/","title":{"rendered":"\u0632\u064a\u062a \u0623\u0631\u0643\u0627\u0646 \u0644\u0644\u062a\u062c\u0645\u064a\u0644 250 \u0645\u0644"},"content":{"rendered":"<p>L&rsquo;huile d&rsquo;argan cosm\u00e9tique est riche en graisses saines mono-insatur\u00e9es, non satur\u00e9es jusqu&rsquo;\u00e0 80%, en plus de compos\u00e9s actifs tels que les polyph\u00e9nols, les st\u00e9rols, le tocoph\u00e9rol, les triterp\u00e8nes, le squal\u00e8ne, le xanthophylle, les carot\u00e9no\u00efdes, l&rsquo;acide ol\u00e9ique et d&rsquo;autres puissants antioxydants. De plus, l&rsquo;huile d&rsquo;argan contient des \u00e9l\u00e9ments nutritifs tels que les prot\u00e9ines, les fibres, la vitamine E et les acides gras om\u00e9ga-3.<\/p>","protected":false},"excerpt":{"rendered":"<p>L&rsquo;huile d&rsquo;argan cosm\u00e9tique est riche en graisses saines mono-insatur\u00e9es, non satur\u00e9es jusqu&rsquo;\u00e0 80%, en plus de compos\u00e9s actifs tels que les polyph\u00e9nols, les st\u00e9rols, le tocoph\u00e9rol, les triterp\u00e8nes, le squal\u00e8ne, le xanthophylle, les carot\u00e9no\u00efdes, l&rsquo;acide ol\u00e9ique et d&rsquo;autres puissants antioxydants. De plus, l&rsquo;huile d&rsquo;argan contient des \u00e9l\u00e9ments nutritifs tels que les prot\u00e9ines, les fibres, la [&hellip;]<\/p>","protected":false},"featured_media":383,"comment_status":"open","ping_status":"closed","template":"","meta":{"_monsterinsights_skip_tracking":false,"_monsterinsights_sitenote_active":false,"_monsterinsights_sitenote_note":"","_monsterinsights_sitenote_category":0},"product_brand":[],"product_cat":[51],"product_tag":[74,73],"class_list":{"0":"post-380","1":"product","2":"type-product","3":"status-publish","4":"has-post-thumbnail","6":"product_cat-sante-et-beaute","7":"product_tag-beaute","8":"product_tag-sante","10":"first","11":"instock","12":"shipping-taxable","13":"purchasable","14":"product-type-simple"},"_links":{"self":[{"href":"https:\/\/koffa.ma\/ar\/wp-json\/wp\/v2\/product\/380","targetHints":{"allow":["GET"]}}],"collection":[{"href":"https:\/\/koffa.ma\/ar\/wp-json\/wp\/v2\/product"}],"about":[{"href":"https:\/\/koffa.ma\/ar\/wp-json\/wp\/v2\/types\/product"}],"replies":[{"embeddable":true,"href":"https:\/\/koffa.ma\/ar\/wp-json\/wp\/v2\/comments?post=380"}],"wp:featuredmedia":[{"embeddable":true,"href":"https:\/\/koffa.ma\/ar\/wp-json\/wp\/v2\/media\/383"}],"wp:attachment":[{"href":"https:\/\/koffa.ma\/ar\/wp-json\/wp\/v2\/media?parent=380"}],"wp:term":[{"taxonomy":"product_brand","embeddable":true,"href":"https:\/\/koffa.ma\/ar\/wp-json\/wp\/v2\/product_brand?post=380"},{"taxonomy":"product_cat","embeddable":true,"href":"https:\/\/koffa.ma\/ar\/wp-json\/wp\/v2\/product_cat?post=380"},{"taxonomy":"product_tag","embeddable":true,"href":"https:\/\/koffa.ma\/ar\/wp-json\/wp\/v2\/product_tag?post=380"}],"curies":[{"name":"wp","href":"https:\/\/api.w.org\/{rel}","templated":true}]}}