{"id":373,"date":"2024-02-08T15:45:41","date_gmt":"2024-02-08T15:45:41","guid":{"rendered":"https:\/\/koffa.ma\/?post_type=product&#038;p=373"},"modified":"2026-02-09T10:13:22","modified_gmt":"2026-02-09T10:13:22","slug":"sauge-sechee-50-g","status":"publish","type":"product","link":"https:\/\/koffa.ma\/ar\/product\/sauge-sechee-50-g\/","title":{"rendered":"\u0633\u0627\u0644\u0645\u064a\u0629 \u0645\u062c\u0641\u0641\u0629 50\u063a"},"content":{"rendered":"<p>Les herbes fra\u00eeches sont recommand\u00e9es dans l&rsquo;alimentation et leur consommation devrait \u00eatre augment\u00e9e en raison de leurs nombreux bienfaits pour la sant\u00e9, d\u00e9passant ceux d&rsquo;autres aliments. Elles sont riches en vitamine A, vitamine C et vitamine K, et nombre d&rsquo;entre elles contiennent \u00e9galement des compos\u00e9s v\u00e9g\u00e9taux dot\u00e9s de propri\u00e9t\u00e9s antioxydantes et anti-inflammatoires. Suivre des r\u00e9gimes riches en v\u00e9g\u00e9taux peut contribuer \u00e0 r\u00e9duire le risque de nombreuses affections m\u00e9dicales. En outre, les herbes peuvent ajouter de la saveur aux plats tout en r\u00e9duisant l&rsquo;utilisation d&rsquo;ingr\u00e9dients moins sains tels que les graisses ajout\u00e9es, le sel ou le sucre.<\/p>","protected":false},"excerpt":{"rendered":"<p>Les herbes fra\u00eeches sont recommand\u00e9es dans l&rsquo;alimentation et leur consommation devrait \u00eatre augment\u00e9e en raison de leurs nombreux bienfaits pour la sant\u00e9, d\u00e9passant ceux d&rsquo;autres aliments. Elles sont riches en vitamine A, vitamine C et vitamine K, et nombre d&rsquo;entre elles contiennent \u00e9galement des compos\u00e9s v\u00e9g\u00e9taux dot\u00e9s de propri\u00e9t\u00e9s antioxydantes et anti-inflammatoires. Suivre des r\u00e9gimes [&hellip;]<\/p>","protected":false},"featured_media":377,"comment_status":"open","ping_status":"closed","template":"","meta":{"_monsterinsights_skip_tracking":false,"_monsterinsights_sitenote_active":false,"_monsterinsights_sitenote_note":"","_monsterinsights_sitenote_category":0},"product_brand":[],"product_cat":[71],"product_tag":[72],"class_list":{"0":"post-373","1":"product","2":"type-product","3":"status-publish","4":"has-post-thumbnail","6":"product_cat-herbes-naturelles","7":"product_tag-herbes-naturelles","9":"first","10":"instock","11":"shipping-taxable","12":"purchasable","13":"product-type-simple"},"_links":{"self":[{"href":"https:\/\/koffa.ma\/ar\/wp-json\/wp\/v2\/product\/373","targetHints":{"allow":["GET"]}}],"collection":[{"href":"https:\/\/koffa.ma\/ar\/wp-json\/wp\/v2\/product"}],"about":[{"href":"https:\/\/koffa.ma\/ar\/wp-json\/wp\/v2\/types\/product"}],"replies":[{"embeddable":true,"href":"https:\/\/koffa.ma\/ar\/wp-json\/wp\/v2\/comments?post=373"}],"wp:featuredmedia":[{"embeddable":true,"href":"https:\/\/koffa.ma\/ar\/wp-json\/wp\/v2\/media\/377"}],"wp:attachment":[{"href":"https:\/\/koffa.ma\/ar\/wp-json\/wp\/v2\/media?parent=373"}],"wp:term":[{"taxonomy":"product_brand","embeddable":true,"href":"https:\/\/koffa.ma\/ar\/wp-json\/wp\/v2\/product_brand?post=373"},{"taxonomy":"product_cat","embeddable":true,"href":"https:\/\/koffa.ma\/ar\/wp-json\/wp\/v2\/product_cat?post=373"},{"taxonomy":"product_tag","embeddable":true,"href":"https:\/\/koffa.ma\/ar\/wp-json\/wp\/v2\/product_tag?post=373"}],"curies":[{"name":"wp","href":"https:\/\/api.w.org\/{rel}","templated":true}]}}