{"id":238,"date":"2024-02-08T12:03:01","date_gmt":"2024-02-08T12:03:01","guid":{"rendered":"https:\/\/koffa.ma\/?post_type=product&#038;p=238"},"modified":"2026-02-09T10:13:22","modified_gmt":"2026-02-09T10:13:22","slug":"tranches-daubergine-sechees-50-g","status":"publish","type":"product","link":"https:\/\/koffa.ma\/ar\/product\/tranches-daubergine-sechees-50-g\/","title":{"rendered":"Tranches d&rsquo;aubergine s\u00e9ch\u00e9es 50 g"},"content":{"rendered":"<p>Les tranches d&rsquo;aubergines s\u00e9ch\u00e9es sont des fines lamelles d&rsquo;aubergine qui ont \u00e9t\u00e9 s\u00e9ch\u00e9es jusqu&rsquo;\u00e0 ce qu&rsquo;elles perdent la plupart de leur humidit\u00e9. Elles contiennent des fibres alimentaires qui favorisent une digestion saine, ainsi qu&rsquo;une vari\u00e9t\u00e9 de vitamines et de min\u00e9raux tels que les vitamines A, C, et K, le potassium et le magn\u00e9sium. Elles sont une source d&rsquo;antioxydants, \u00e0 faible teneur en calories, et conservent leur qualit\u00e9 pendant une longue p\u00e9riode, ce qui les rend faciles \u00e0 stocker.<\/p>","protected":false},"excerpt":{"rendered":"<p>Les tranches d&rsquo;aubergines s\u00e9ch\u00e9es sont des fines lamelles d&rsquo;aubergine qui ont \u00e9t\u00e9 s\u00e9ch\u00e9es jusqu&rsquo;\u00e0 ce qu&rsquo;elles perdent la plupart de leur humidit\u00e9. Elles contiennent des fibres alimentaires qui favorisent une digestion saine, ainsi qu&rsquo;une vari\u00e9t\u00e9 de vitamines et de min\u00e9raux tels que les vitamines A, C, et K, le potassium et le magn\u00e9sium. Elles sont [&hellip;]<\/p>","protected":false},"featured_media":239,"comment_status":"open","ping_status":"closed","template":"","meta":{"_monsterinsights_skip_tracking":false,"_monsterinsights_sitenote_active":false,"_monsterinsights_sitenote_note":"","_monsterinsights_sitenote_category":0},"product_brand":[],"product_cat":[64],"product_tag":[67,66,65],"class_list":{"0":"post-238","1":"product","2":"type-product","3":"status-publish","4":"has-post-thumbnail","6":"product_cat-legumes","7":"product_tag-condiments","8":"product_tag-epices","9":"product_tag-egumes-secs","11":"first","12":"instock","13":"shipping-taxable","14":"purchasable","15":"product-type-simple"},"_links":{"self":[{"href":"https:\/\/koffa.ma\/ar\/wp-json\/wp\/v2\/product\/238","targetHints":{"allow":["GET"]}}],"collection":[{"href":"https:\/\/koffa.ma\/ar\/wp-json\/wp\/v2\/product"}],"about":[{"href":"https:\/\/koffa.ma\/ar\/wp-json\/wp\/v2\/types\/product"}],"replies":[{"embeddable":true,"href":"https:\/\/koffa.ma\/ar\/wp-json\/wp\/v2\/comments?post=238"}],"wp:featuredmedia":[{"embeddable":true,"href":"https:\/\/koffa.ma\/ar\/wp-json\/wp\/v2\/media\/239"}],"wp:attachment":[{"href":"https:\/\/koffa.ma\/ar\/wp-json\/wp\/v2\/media?parent=238"}],"wp:term":[{"taxonomy":"product_brand","embeddable":true,"href":"https:\/\/koffa.ma\/ar\/wp-json\/wp\/v2\/product_brand?post=238"},{"taxonomy":"product_cat","embeddable":true,"href":"https:\/\/koffa.ma\/ar\/wp-json\/wp\/v2\/product_cat?post=238"},{"taxonomy":"product_tag","embeddable":true,"href":"https:\/\/koffa.ma\/ar\/wp-json\/wp\/v2\/product_tag?post=238"}],"curies":[{"name":"wp","href":"https:\/\/api.w.org\/{rel}","templated":true}]}}