{"id":217,"date":"2024-02-08T11:29:27","date_gmt":"2024-02-08T11:29:27","guid":{"rendered":"https:\/\/koffa.ma\/?post_type=product&#038;p=217"},"modified":"2026-02-09T10:13:22","modified_gmt":"2026-02-09T10:13:22","slug":"confiture-de-peche-380g","status":"publish","type":"product","link":"https:\/\/koffa.ma\/ar\/product\/confiture-de-peche-380g\/","title":{"rendered":"\u0645\u0631\u0628\u0649 \u0627\u0644\u062e\u0648\u062e 380\u063a"},"content":{"rendered":"<p>La confiture de p\u00eache pr\u00e9sente de nombreux avantages pour la sant\u00e9 et le plaisir gustatif. Elle contient une quantit\u00e9 consid\u00e9rable de fibres alimentaires, ainsi que des antioxydants qui renforcent le syst\u00e8me immunitaire, en plus d&rsquo;\u00eatre une option faible en calories.<\/p>","protected":false},"excerpt":{"rendered":"<p>La confiture de p\u00eache pr\u00e9sente de nombreux avantages pour la sant\u00e9 et le plaisir gustatif. Elle contient une quantit\u00e9 consid\u00e9rable de fibres alimentaires, ainsi que des antioxydants qui renforcent le syst\u00e8me immunitaire, en plus d&rsquo;\u00eatre une option faible en calories.<\/p>","protected":false},"featured_media":218,"comment_status":"open","ping_status":"closed","template":"","meta":{"_monsterinsights_skip_tracking":false,"_monsterinsights_sitenote_active":false,"_monsterinsights_sitenote_note":"","_monsterinsights_sitenote_category":0},"product_brand":[],"product_cat":[49],"product_tag":[63],"class_list":{"0":"post-217","1":"product","2":"type-product","3":"status-publish","4":"has-post-thumbnail","6":"product_cat-miels-amlou-et-confitures","7":"product_tag-confitures","9":"first","10":"instock","11":"shipping-taxable","12":"purchasable","13":"product-type-simple"},"_links":{"self":[{"href":"https:\/\/koffa.ma\/ar\/wp-json\/wp\/v2\/product\/217","targetHints":{"allow":["GET"]}}],"collection":[{"href":"https:\/\/koffa.ma\/ar\/wp-json\/wp\/v2\/product"}],"about":[{"href":"https:\/\/koffa.ma\/ar\/wp-json\/wp\/v2\/types\/product"}],"replies":[{"embeddable":true,"href":"https:\/\/koffa.ma\/ar\/wp-json\/wp\/v2\/comments?post=217"}],"wp:featuredmedia":[{"embeddable":true,"href":"https:\/\/koffa.ma\/ar\/wp-json\/wp\/v2\/media\/218"}],"wp:attachment":[{"href":"https:\/\/koffa.ma\/ar\/wp-json\/wp\/v2\/media?parent=217"}],"wp:term":[{"taxonomy":"product_brand","embeddable":true,"href":"https:\/\/koffa.ma\/ar\/wp-json\/wp\/v2\/product_brand?post=217"},{"taxonomy":"product_cat","embeddable":true,"href":"https:\/\/koffa.ma\/ar\/wp-json\/wp\/v2\/product_cat?post=217"},{"taxonomy":"product_tag","embeddable":true,"href":"https:\/\/koffa.ma\/ar\/wp-json\/wp\/v2\/product_tag?post=217"}],"curies":[{"name":"wp","href":"https:\/\/api.w.org\/{rel}","templated":true}]}}