{"id":197,"date":"2024-02-08T10:08:08","date_gmt":"2024-02-08T10:08:08","guid":{"rendered":"https:\/\/koffa.ma\/?post_type=product&#038;p=197"},"modified":"2026-02-09T10:13:22","modified_gmt":"2026-02-09T10:13:22","slug":"confiture-de-coing-360g","status":"publish","type":"product","link":"https:\/\/koffa.ma\/ar\/product\/confiture-de-coing-360g\/","title":{"rendered":"\u0645\u0631\u0628\u0649 \u0627\u0644\u0633\u0641\u0631\u062c\u0644 360\u063a"},"content":{"rendered":"<p>La confiture de coing, qui se distingue par son go\u00fbt d\u00e9licieux et distinctif, est riche en vitamines et en min\u00e9raux essentiels pour la sant\u00e9 du corps. C&rsquo;est une source de fibres alimentaires qui contribuent \u00e0 soutenir une digestion saine, faible en calories, et elle est antioxydante, renfor\u00e7ant le syst\u00e8me immunitaire.<\/p>","protected":false},"excerpt":{"rendered":"<p>La confiture de coing, qui se distingue par son go\u00fbt d\u00e9licieux et distinctif, est riche en vitamines et en min\u00e9raux essentiels pour la sant\u00e9 du corps. C&rsquo;est une source de fibres alimentaires qui contribuent \u00e0 soutenir une digestion saine, faible en calories, et elle est antioxydante, renfor\u00e7ant le syst\u00e8me immunitaire.<\/p>","protected":false},"featured_media":198,"comment_status":"open","ping_status":"closed","template":"","meta":{"_monsterinsights_skip_tracking":false,"_monsterinsights_sitenote_active":false,"_monsterinsights_sitenote_note":"","_monsterinsights_sitenote_category":0},"product_brand":[],"product_cat":[49],"product_tag":[63],"class_list":{"0":"post-197","1":"product","2":"type-product","3":"status-publish","4":"has-post-thumbnail","6":"product_cat-miels-amlou-et-confitures","7":"product_tag-confitures","9":"first","10":"instock","11":"shipping-taxable","12":"purchasable","13":"product-type-simple"},"_links":{"self":[{"href":"https:\/\/koffa.ma\/ar\/wp-json\/wp\/v2\/product\/197","targetHints":{"allow":["GET"]}}],"collection":[{"href":"https:\/\/koffa.ma\/ar\/wp-json\/wp\/v2\/product"}],"about":[{"href":"https:\/\/koffa.ma\/ar\/wp-json\/wp\/v2\/types\/product"}],"replies":[{"embeddable":true,"href":"https:\/\/koffa.ma\/ar\/wp-json\/wp\/v2\/comments?post=197"}],"wp:featuredmedia":[{"embeddable":true,"href":"https:\/\/koffa.ma\/ar\/wp-json\/wp\/v2\/media\/198"}],"wp:attachment":[{"href":"https:\/\/koffa.ma\/ar\/wp-json\/wp\/v2\/media?parent=197"}],"wp:term":[{"taxonomy":"product_brand","embeddable":true,"href":"https:\/\/koffa.ma\/ar\/wp-json\/wp\/v2\/product_brand?post=197"},{"taxonomy":"product_cat","embeddable":true,"href":"https:\/\/koffa.ma\/ar\/wp-json\/wp\/v2\/product_cat?post=197"},{"taxonomy":"product_tag","embeddable":true,"href":"https:\/\/koffa.ma\/ar\/wp-json\/wp\/v2\/product_tag?post=197"}],"curies":[{"name":"wp","href":"https:\/\/api.w.org\/{rel}","templated":true}]}}