{"id":118,"date":"2020-09-12T11:36:48","date_gmt":"2020-09-12T11:36:48","guid":{"rendered":"https:\/\/koffa.ma\/about\/"},"modified":"2026-01-20T11:12:52","modified_gmt":"2026-01-20T11:12:52","slug":"about","status":"publish","type":"page","link":"https:\/\/koffa.ma\/ar\/about\/","title":{"rendered":"About"},"content":{"rendered":"<div data-elementor-type=\"wp-page\" data-elementor-id=\"118\" class=\"elementor elementor-118\">\n\t\t\t\t\t\t<section class=\"elementor-section elementor-top-section elementor-element elementor-element-79089d7 elementor-section-content-middle elementor-section-boxed elementor-section-height-default elementor-section-height-default\" data-id=\"79089d7\" data-element_type=\"section\" data-e-type=\"section\">\n\t\t\t\t\t\t<div class=\"elementor-container elementor-column-gap-no\">\n\t\t\t\t\t<div class=\"aux-parallax-section elementor-column elementor-col-50 elementor-top-column elementor-element elementor-element-e8944c5\" data-id=\"e8944c5\" data-element_type=\"column\" data-e-type=\"column\">\n\t\t\t<div class=\"elementor-widget-wrap elementor-element-populated\">\n\t\t\t\t\t\t<div class=\"aux-scroll-anim elementor-element elementor-element-16fbe39 aux-appear-watch-animation aux-fade-in-left-2 elementor-widget elementor-widget-aux_image\" data-move-in=\"moveHorizontal\" data-move-out=\"moveHorizontal\" data-axis-x=\"-30\" data-axis-y=\"200\" data-rotate=\"90\" data-scale=\"1\" data-vp-top=\"0.5\" data-vp-bot=\"0.5\" data-el-top=\"0.2\" data-scroll-animation-off=\"1024\" data-id=\"16fbe39\" data-element_type=\"widget\" data-e-type=\"widget\" data-widget_type=\"aux_image.default\">\n\t\t\t\t<div class=\"elementor-widget-container\">\n\t\t\t\t\t<section class=\"widget-container aux-widget-image aux-alignnone aux-parent-auafb3fd0c\">\n    <div class=\"aux-media-hint-frame\">\n        <div class=\"aux-media-image\" >\n        \n            \n\n            \n            <img fetchpriority=\"high\" decoding=\"async\" width=\"1582\" height=\"1055\" src=\"data:image\/gif;base64,R0lGODlhAQABAIAAAAAAAP\/\/\/yH5BAEAAAAALAAAAAABAAEAAAIBRAA7\" class=\"aux-attachment aux-featured-image aux-attachment-id-511 aux-preload aux-blank\" alt=\"1_0079__DSC0337\" data-ratio=\"1.5\" data-original-w=\"1582\" data-src=\"https:\/\/koffa.ma\/wp-content\/uploads\/2024\/02\/1_0079__DSC0337.jpg\" \/>            \n                <\/div>\n    <\/div>\n\n<\/section><!-- widget-container -->\t\t\t\t<\/div>\n\t\t\t\t<\/div>\n\t\t\t\t<div class=\"aux-scroll-anim elementor-element elementor-element-ecc57c8 elementor-widget__width-auto aux-appear-watch-animation aux-fade-in-right-2 elementor-widget elementor-widget-aux_image\" data-move-in=\"moveHorizontal\" data-move-out=\"moveHorizontal\" data-axis-x=\"40\" data-axis-y=\"200\" data-rotate=\"90\" data-scale=\"1\" data-vp-top=\"0.5\" data-vp-bot=\"0.5\" data-el-top=\"0.2\" data-scroll-animation-off=\"1024\" data-id=\"ecc57c8\" data-element_type=\"widget\" data-e-type=\"widget\" data-widget_type=\"aux_image.default\">\n\t\t\t\t<div class=\"elementor-widget-container\">\n\t\t\t\t\t<section class=\"widget-container aux-widget-image aux-alignnone aux-parent-auf59f4d5d\">\n    <div class=\"aux-media-hint-frame\">\n        <div class=\"aux-media-image\" >\n        \n            \n\n            \n            <img decoding=\"async\" width=\"1582\" height=\"1055\" src=\"data:image\/gif;base64,R0lGODlhAQABAIAAAAAAAP\/\/\/yH5BAEAAAAALAAAAAABAAEAAAIBRAA7\" class=\"aux-attachment aux-featured-image aux-attachment-id-512 aux-preload aux-blank\" alt=\"1_0090__DSC0318\" data-ratio=\"1.5\" data-original-w=\"1582\" data-src=\"https:\/\/koffa.ma\/wp-content\/uploads\/2024\/02\/1_0090__DSC0318.jpg\" \/>            \n                <\/div>\n    <\/div>\n\n<\/section><!-- widget-container -->\t\t\t\t<\/div>\n\t\t\t\t<\/div>\n\t\t\t\t\t<\/div>\n\t\t<\/div>\n\t\t\t\t<div class=\"aux-parallax-section elementor-column elementor-col-50 elementor-top-column elementor-element elementor-element-7d52113\" data-id=\"7d52113\" data-element_type=\"column\" data-e-type=\"column\">\n\t\t\t<div class=\"elementor-widget-wrap elementor-element-populated\">\n\t\t\t\t\t\t<div class=\"elementor-element elementor-element-d0c4e15 aux-appear-watch-animation aux-fade-in-up elementor-widget elementor-widget-aux_modern_heading\" data-id=\"d0c4e15\" data-element_type=\"widget\" data-e-type=\"widget\" data-widget_type=\"aux_modern_heading.default\">\n\t\t\t\t<div class=\"elementor-widget-container\">\n\t\t\t\t\t<section class=\"aux-widget-modern-heading\">\n            <div class=\"aux-widget-inner\"><p class=\"aux-modern-heading-primary\">\u0645\u0646 \u0646\u062d\u0646 \u061f <\/p><h3 class=\"aux-modern-heading-secondary\"><span class=\"aux-head-before\">\u062c\u0645\u0639\u064a\u0629 \u0627\u0644\u0628\u064a\u0626\u0629 \u0648\u0627\u0644\u0625\u0646\u0633\u0627\u0646<\/span><\/h3><div class=\"aux-modern-heading-description\"><p>\u0646\u062d\u0646 \u0645\u0646\u0638\u0645\u0629 \u0645\u0646 \u0627\u0644\u0645\u062c\u062a\u0645\u0639 \u0627\u0644\u0645\u062f\u0646\u064a \u0645\u0643\u0631\u0633\u0629 \u0644\u062a\u0639\u0632\u064a\u0632 \u0627\u0644\u0625\u0642\u062a\u0635\u0627\u062f \u0627\u0644\u0625\u062c\u062a\u0645\u0627\u0639\u064a \u0648\u0627\u0644\u062a\u0636\u0627\u0645\u0646\u064a\u060c \u0641\u0636\u0644\u0627\u064b \u0639\u0646 \u0627\u0644\u0641\u0644\u0627\u062d\u0629 \u0627\u0644\u0645\u0633\u062a\u062f\u0627\u0645\u0629 \u0648\u0627\u0644\u0633\u064a\u0627\u062d\u0629 \u0627\u0644\u0628\u064a\u0626\u064a\u0629.<br \/>\u0645\u0647\u0645\u062a\u0646\u0627 \u0647\u064a \u062f\u0639\u0645 \u0627\u0644\u062a\u0639\u0627\u0648\u0646\u064a\u0627\u062a \u0627\u0644\u0645\u062d\u0644\u064a\u0629 \u0648\u0627\u0644\u0645\u0628\u0627\u062f\u0631\u0627\u062a \u0627\u0644\u0645\u062c\u062a\u0645\u0639\u064a\u0629\u060c \u0648\u0646\u0624\u0645\u0646 \u0628\u0646\u0645\u0648\u0630\u062c \u0627\u0642\u062a\u0635\u0627\u062f\u064a \u064a\u0628\u0631\u0632 \u0642\u064a\u0645 \u0627\u0644\u062a\u0636\u0627\u0645\u0646 \u0648\u062d\u0645\u0627\u064a\u0629 \u0627\u0644\u0628\u064a\u0626\u0629 \u0648\u0627\u062d\u062a\u0631\u0627\u0645 \u0627\u0644\u062a\u0642\u0627\u0644\u064a\u062f \u0627\u0644\u0645\u062d\u0644\u064a\u0629.<\/p><\/div><\/div>\n        <\/section>\t\t\t\t<\/div>\n\t\t\t\t<\/div>\n\t\t\t\t<div class=\"elementor-element elementor-element-26b472a aux-appear-watch-animation aux-fade-in-up elementor-widget elementor-widget-text-editor\" data-id=\"26b472a\" data-element_type=\"widget\" data-e-type=\"widget\" data-widget_type=\"text-editor.default\">\n\t\t\t\t<div class=\"elementor-widget-container\">\n\t\t\t\t\t\t\t\t\t<p>Nous offrons une vitrine aux coop\u00e9ratives de l&rsquo;Orientale, mettant en lumi\u00e8re leurs produits uniques et \u00e9thiques, allant des d\u00e9lices culinaires aux cr\u00e9ations artisanales. Chaque achat effectu\u00e9 sur notre plateforme contribue directement au bien-\u00eatre des producteurs locaux et \u00e0 la pr\u00e9servation de notre patrimoine culturel et naturel.<br \/>Chaque produit que vous trouvez ici raconte une histoire, celle d&rsquo;un artisan ou d&rsquo;une coop\u00e9rative engag\u00e9e dans la cr\u00e9ation de produits de qualit\u00e9, respectueux de la nature et de la communaut\u00e9.<\/p>\t\t\t\t\t\t\t\t<\/div>\n\t\t\t\t<\/div>\n\t\t\t\t<section class=\"elementor-section elementor-inner-section elementor-element elementor-element-a235dc3 elementor-section-boxed elementor-section-height-default elementor-section-height-default\" data-id=\"a235dc3\" data-element_type=\"section\" data-e-type=\"section\">\n\t\t\t\t\t\t<div class=\"elementor-container elementor-column-gap-no\">\n\t\t\t\t\t<div class=\"aux-parallax-section elementor-column elementor-col-33 elementor-inner-column elementor-element elementor-element-9410f23\" data-id=\"9410f23\" data-element_type=\"column\" data-e-type=\"column\">\n\t\t\t<div class=\"elementor-widget-wrap elementor-element-populated\">\n\t\t\t\t\t\t<div class=\"elementor-element elementor-element-6c40c26 aux-appear-watch-animation aux-fade-in-right-1 elementor-widget elementor-widget-aux_counter\" data-id=\"6c40c26\" data-element_type=\"widget\" data-e-type=\"widget\" data-widget_type=\"aux_counter.default\">\n\t\t\t\t<div class=\"elementor-widget-container\">\n\t\t\t\t\t\t\t<div class=\"aux-counter\">\n\t\t\t<div class=\"aux-counter-number-wrapper\">\n\t\t\t\t<span class=\"aux-counter-number-prefix\"><\/span>\n\t\t\t\t<span class=\"aux-counter-number\" data-duration=\"2000\" data-to-value=\"50\" data-from-value=\"0\" data-delay=\"0\" data-easing=\"\" data-delimiter=\",\">0<\/span>\n\t\t\t\t<span class=\"aux-counter-number-suffix\">+<\/span>\n\t\t\t<\/div>\n\t\t\t\t\t\t\t<div class=\"aux-counter-title\">\u0627\u0644\u0645\u0646\u062a\u062c\u0627\u062a<\/div>\n\t\t\t\t\t<\/div>\n\t\t\t\t\t\t<\/div>\n\t\t\t\t<\/div>\n\t\t\t\t\t<\/div>\n\t\t<\/div>\n\t\t\t\t<div class=\"aux-parallax-section elementor-column elementor-col-33 elementor-inner-column elementor-element elementor-element-b49c154\" data-id=\"b49c154\" data-element_type=\"column\" data-e-type=\"column\">\n\t\t\t<div class=\"elementor-widget-wrap elementor-element-populated\">\n\t\t\t\t\t\t<div class=\"elementor-element elementor-element-7582886 aux-appear-watch-animation aux-fade-in-right-1 elementor-widget elementor-widget-aux_counter\" data-id=\"7582886\" data-element_type=\"widget\" data-e-type=\"widget\" data-widget_type=\"aux_counter.default\">\n\t\t\t\t<div class=\"elementor-widget-container\">\n\t\t\t\t\t\t\t<div class=\"aux-counter\">\n\t\t\t<div class=\"aux-counter-number-wrapper\">\n\t\t\t\t<span class=\"aux-counter-number-prefix\"><\/span>\n\t\t\t\t<span class=\"aux-counter-number\" data-duration=\"2000\" data-to-value=\"8\" data-from-value=\"0\" data-delay=\"0\" data-easing=\"\" data-delimiter=\",\">0<\/span>\n\t\t\t\t<span class=\"aux-counter-number-suffix\"><\/span>\n\t\t\t<\/div>\n\t\t\t\t\t\t\t<div class=\"aux-counter-title\">\u0639\u0645\u0627\u0644\u0627\u062a<\/div>\n\t\t\t\t\t<\/div>\n\t\t\t\t\t\t<\/div>\n\t\t\t\t<\/div>\n\t\t\t\t\t<\/div>\n\t\t<\/div>\n\t\t\t\t<div class=\"aux-parallax-section elementor-column elementor-col-33 elementor-inner-column elementor-element elementor-element-dc6569d\" data-id=\"dc6569d\" data-element_type=\"column\" data-e-type=\"column\">\n\t\t\t<div class=\"elementor-widget-wrap elementor-element-populated\">\n\t\t\t\t\t\t<div class=\"elementor-element elementor-element-a90a45a aux-appear-watch-animation aux-fade-in-right-1 elementor-widget elementor-widget-aux_counter\" data-id=\"a90a45a\" data-element_type=\"widget\" data-e-type=\"widget\" data-widget_type=\"aux_counter.default\">\n\t\t\t\t<div class=\"elementor-widget-container\">\n\t\t\t\t\t\t\t<div class=\"aux-counter\">\n\t\t\t<div class=\"aux-counter-number-wrapper\">\n\t\t\t\t<span class=\"aux-counter-number-prefix\"><\/span>\n\t\t\t\t<span class=\"aux-counter-number\" data-duration=\"2000\" data-to-value=\"10\" data-from-value=\"0\" data-delay=\"0\" data-easing=\"\" data-delimiter=\",\">0<\/span>\n\t\t\t\t<span class=\"aux-counter-number-suffix\">+<\/span>\n\t\t\t<\/div>\n\t\t\t\t\t\t\t<div class=\"aux-counter-title\">\u0641\u0626\u0627\u062a<\/div>\n\t\t\t\t\t<\/div>\n\t\t\t\t\t\t<\/div>\n\t\t\t\t<\/div>\n\t\t\t\t\t<\/div>\n\t\t<\/div>\n\t\t\t\t\t<\/div>\n\t\t<\/section>\n\t\t\t\t\t<\/div>\n\t\t<\/div>\n\t\t\t\t\t<\/div>\n\t\t<\/section>\n\t\t\t\t<section class=\"elementor-section elementor-top-section elementor-element elementor-element-cc411e0 elementor-section-content-middle elementor-section-boxed elementor-section-height-default elementor-section-height-default\" data-id=\"cc411e0\" data-element_type=\"section\" data-e-type=\"section\" id=\"Contact\">\n\t\t\t\t\t\t<div class=\"elementor-container elementor-column-gap-no\">\n\t\t\t\t\t<div class=\"aux-parallax-section elementor-column elementor-col-50 elementor-top-column elementor-element elementor-element-51afd01\" data-id=\"51afd01\" data-element_type=\"column\" data-e-type=\"column\">\n\t\t\t<div class=\"elementor-widget-wrap elementor-element-populated\">\n\t\t\t\t\t\t<div class=\"elementor-element elementor-element-c3ff3a0 aux-appear-watch-animation aux-fade-in-up elementor-widget elementor-widget-aux_modern_heading\" data-id=\"c3ff3a0\" data-element_type=\"widget\" data-e-type=\"widget\" data-widget_type=\"aux_modern_heading.default\">\n\t\t\t\t<div class=\"elementor-widget-container\">\n\t\t\t\t\t<section class=\"aux-widget-modern-heading\">\n            <div class=\"aux-widget-inner\"><p class=\"aux-modern-heading-primary\"><\/p><h3 class=\"aux-modern-heading-secondary\"><span class=\"aux-head-before\">\u062a\u0648\u0627\u0635\u0644\u0648\u0627 \u0645\u0639\u0646\u0627<\/span><\/h3><div class=\"aux-modern-heading-description\"><p>\u0644\u0646 \u064a\u062a\u0645 \u0646\u0634\u0631 \u0639\u0646\u0648\u0627\u0646 \u0628\u0631\u064a\u062f\u0643 \u0627\u0644\u0625\u0644\u0643\u062a\u0631\u0648\u0646\u064a. <br \/>\u0627\u0644\u062d\u0642\u0648\u0644 \u0627\u0644\u0645\u0637\u0644\u0648\u0628\u0629 \u0645\u0648\u0636\u062d\u0629*<\/p><\/div><\/div>\n        <\/section>\t\t\t\t<\/div>\n\t\t\t\t<\/div>\n\t\t\t\t<div class=\"elementor-element elementor-element-04ec36d aux-appear-watch-animation aux-fade-in-up elementor-widget elementor-widget-aux_contact_form\" data-id=\"04ec36d\" data-element_type=\"widget\" data-e-type=\"widget\" data-widget_type=\"aux_contact_form.default\">\n\t\t\t\t<div class=\"elementor-widget-container\">\n\t\t\t\t\t<section class=\"widget-container aux-widget-contact-form aux-parent-au4c2ed1e9\">            <div class=\"aux-col-wrapper aux-no-gutter\">\n            <!-- @TODO - The output for element here -->\n\n            \n<div class=\"wpcf7 no-js\" id=\"wpcf7-f21-o1\" lang=\"en-US\" dir=\"ltr\" data-wpcf7-id=\"21\">\n<div class=\"screen-reader-response\"><p role=\"status\" aria-live=\"polite\" aria-atomic=\"true\"><\/p> <ul><\/ul><\/div>\n<form action=\"\/ar\/wp-json\/wp\/v2\/pages\/118#wpcf7-f21-o1\" method=\"post\" class=\"wpcf7-form init\" aria-label=\"Contact form\" novalidate=\"novalidate\" data-status=\"init\" data-trp-original-action=\"\/ar\/wp-json\/wp\/v2\/pages\/118#wpcf7-f21-o1\">\n<fieldset class=\"hidden-fields-container\"><input type=\"hidden\" name=\"_wpcf7\" value=\"21\" \/><input type=\"hidden\" name=\"_wpcf7_version\" value=\"6.1.5\" \/><input type=\"hidden\" name=\"_wpcf7_locale\" value=\"en_US\" \/><input type=\"hidden\" name=\"_wpcf7_unit_tag\" value=\"wpcf7-f21-o1\" \/><input type=\"hidden\" name=\"_wpcf7_container_post\" value=\"0\" \/><input type=\"hidden\" name=\"_wpcf7_posted_data_hash\" value=\"\" \/>\n<\/fieldset>\n<p><label> \u0627\u0633\u0645\u0643<br \/>\n<span class=\"wpcf7-form-control-wrap\" data-name=\"your-name\"><input size=\"40\" maxlength=\"400\" class=\"wpcf7-form-control wpcf7-text wpcf7-validates-as-required\" autocomplete=\"name\" aria-required=\"true\" aria-invalid=\"false\" value=\"\" type=\"text\" name=\"your-name\" \/><\/span> <\/label>\n<\/p>\n<p><label> \u0628\u0631\u064a\u062f\u0643 \u0627\u0644\u0625\u0644\u0643\u062a\u0631\u0648\u0646\u064a<br \/>\n<span class=\"wpcf7-form-control-wrap\" data-name=\"your-email\"><input size=\"40\" maxlength=\"400\" class=\"wpcf7-form-control wpcf7-email wpcf7-validates-as-required wpcf7-text wpcf7-validates-as-email\" autocomplete=\"email\" aria-required=\"true\" aria-invalid=\"false\" value=\"\" type=\"email\" name=\"your-email\" \/><\/span> <\/label>\n<\/p>\n<p><label> \u0627\u0644\u0645\u0648\u0636\u0648\u0639<br \/>\n<span class=\"wpcf7-form-control-wrap\" data-name=\"your-subject\"><input size=\"40\" maxlength=\"400\" class=\"wpcf7-form-control wpcf7-text wpcf7-validates-as-required\" aria-required=\"true\" aria-invalid=\"false\" value=\"\" type=\"text\" name=\"your-subject\" \/><\/span> <\/label>\n<\/p>\n<p><label> \u0631\u0633\u0627\u0644\u062a\u0643 (\u0627\u062e\u062a\u064a\u0627\u0631\u064a)<br \/>\n<span class=\"wpcf7-form-control-wrap\" data-name=\"your-message\"><textarea cols=\"40\" rows=\"10\" maxlength=\"2000\" class=\"wpcf7-form-control wpcf7-textarea\" aria-invalid=\"false\" name=\"your-message\"><\/textarea><\/span> <\/label>\n<\/p>\n<p><input class=\"wpcf7-form-control wpcf7-submit has-spinner\" type=\"submit\" value=\"\u0623\u0631\u0633\u0644\" \/>\n<\/p><div class=\"wpcf7-response-output\" aria-hidden=\"true\"><\/div>\n<input type=\"hidden\" name=\"trp-form-language\" value=\"ar\"\/><\/form>\n<\/div>\n\n\n            <\/div><!-- aux-col-wrapper -->\n    <\/section><!-- widget-container -->\t\t\t\t<\/div>\n\t\t\t\t<\/div>\n\t\t\t\t\t<\/div>\n\t\t<\/div>\n\t\t\t\t<div class=\"aux-parallax-section elementor-column elementor-col-50 elementor-top-column elementor-element elementor-element-1983bb0\" data-id=\"1983bb0\" data-element_type=\"column\" data-e-type=\"column\">\n\t\t\t<div class=\"elementor-widget-wrap elementor-element-populated\">\n\t\t\t\t\t\t<div class=\"aux-scroll-anim elementor-element elementor-element-ac0ab64 aux-shpe-type-rectangle aux-appear-watch-animation aux-fade-in-right-1 elementor-widget elementor-widget-aux_simple_shape\" data-move-in=\"\" data-move-out=\"\" data-axis-x=\"15\" data-axis-y=\"200\" data-rotate=\"90\" data-scale=\"1\" data-vp-top=\"0.5\" data-vp-bot=\"0.5\" data-el-top=\"0.2\" data-scroll-animation-off=\"1024\" data-id=\"ac0ab64\" data-element_type=\"widget\" data-e-type=\"widget\" data-widget_type=\"aux_simple_shape.default\">\n\t\t\t\t<div class=\"elementor-widget-container\">\n\t\t\t\t\t    <div class=\"aux-widget-container aux-simple-shape-container\">\n        <div class=\"aux-widget-container-inner\">\n            <div class=\"aux-the-shape\"><\/div>\n        <\/div>\n    <\/div>\n    \t\t\t\t<\/div>\n\t\t\t\t<\/div>\n\t\t\t\t<div class=\"elementor-element elementor-element-f3bf665 elementor-widget elementor-widget-google_maps\" data-id=\"f3bf665\" data-element_type=\"widget\" data-e-type=\"widget\" data-widget_type=\"google_maps.default\">\n\t\t\t\t<div class=\"elementor-widget-container\">\n\t\t\t\t\t\t\t<div class=\"elementor-custom-embed\">\n\t\t\t<iframe loading=\"lazy\"\n\t\t\t\t\tsrc=\"https:\/\/maps.google.com\/maps?q=155%20RUE%20ABOU%20HANIFA%20Berkane&#038;t=m&#038;z=15&#038;output=embed&#038;iwloc=near\"\n\t\t\t\t\ttitle=\"155 RUE ABOU HANIFA Berkane\"\n\t\t\t\t\taria-label=\"155 RUE ABOU HANIFA Berkane\"\n\t\t\t><\/iframe>\n\t\t<\/div>\n\t\t\t\t\t\t<\/div>\n\t\t\t\t<\/div>\n\t\t\t\t\t<\/div>\n\t\t<\/div>\n\t\t\t\t\t<\/div>\n\t\t<\/section>\n\t\t\t\t<section class=\"elementor-section elementor-top-section elementor-element elementor-element-123b6e6 elementor-section-boxed elementor-section-height-default elementor-section-height-default\" data-id=\"123b6e6\" data-element_type=\"section\" data-e-type=\"section\">\n\t\t\t\t\t\t<div class=\"elementor-container elementor-column-gap-no\">\n\t\t\t\t\t<div class=\"aux-parallax-section elementor-column elementor-col-33 elementor-top-column elementor-element elementor-element-dd8c462\" data-id=\"dd8c462\" data-element_type=\"column\" data-e-type=\"column\">\n\t\t\t<div class=\"elementor-widget-wrap elementor-element-populated\">\n\t\t\t\t\t\t<div class=\"elementor-element elementor-element-fff4af4 aux-appear-watch-animation aux-fade-in-right-2 elementor-view-default elementor-position-block-start elementor-mobile-position-block-start elementor-widget elementor-widget-icon-box\" data-id=\"fff4af4\" data-element_type=\"widget\" data-e-type=\"widget\" data-widget_type=\"icon-box.default\">\n\t\t\t\t<div class=\"elementor-widget-container\">\n\t\t\t\t\t\t\t<div class=\"elementor-icon-box-wrapper\">\n\n\t\t\t\t\t\t<div class=\"elementor-icon-box-icon\">\n\t\t\t\t<span  class=\"elementor-icon\">\n\t\t\t\t<svg xmlns=\"http:\/\/www.w3.org\/2000\/svg\" width=\"38.074\" height=\"47.722\" viewbox=\"0 0 38.074 47.722\"><path d=\"M67.657.012A19.043,19.043,0,0,0,49.644,22.653h0s.029.205.127.6a19.081,19.081,0,0,0,1.282,3.777c1.908,4.52,6.321,12.084,16.223,20.313a1.654,1.654,0,0,0,2.113,0c9.9-8.219,14.315-15.782,16.233-20.322A18.273,18.273,0,0,0,86.9,23.241c.088-.382.127-.6.127-.6h0A19.048,19.048,0,0,0,67.657.012ZM68.332,28.5a9.246,9.246,0,1,1,9.246-9.246A9.245,9.245,0,0,1,68.332,28.5Z\" transform=\"translate(-49.299 0)\" fill=\"#3c6\"><\/path><\/svg>\t\t\t\t<\/span>\n\t\t\t<\/div>\n\t\t\t\n\t\t\t\t\t\t<div class=\"elementor-icon-box-content\">\n\n\t\t\t\t\t\t\t\t\t<h4 class=\"elementor-icon-box-title\">\n\t\t\t\t\t\t<span  >\n\t\t\t\t\t\t\t\u0627\u0644\u0639\u0646\u0648\u0627\u0646\t\t\t\t\t\t<\/span>\n\t\t\t\t\t<\/h4>\n\t\t\t\t\n\t\t\t\t\t\t\t\t\t<p class=\"elementor-icon-box-description\">\n\t\t\t\t\t\t\u0631\u0642\u0645 155\u060c \u0632\u0646\u0642\u0629 \u0623\u0628\u0648 \u062d\u0646\u064a\u0641\u0629\u060c \u062d\u064a \u0627\u0644\u0639\u064a\u0648\u0646\u060c \u0628\u0631\u0643\u0627\u0646.\t\t\t\t\t<\/p>\n\t\t\t\t\n\t\t\t<\/div>\n\t\t\t\n\t\t<\/div>\n\t\t\t\t\t\t<\/div>\n\t\t\t\t<\/div>\n\t\t\t\t\t<\/div>\n\t\t<\/div>\n\t\t\t\t<div class=\"aux-parallax-section elementor-column elementor-col-33 elementor-top-column elementor-element elementor-element-35b3dff\" data-id=\"35b3dff\" data-element_type=\"column\" data-e-type=\"column\">\n\t\t\t<div class=\"elementor-widget-wrap elementor-element-populated\">\n\t\t\t\t\t\t<div class=\"elementor-element elementor-element-f02f04d aux-appear-watch-animation aux-fade-in-right-2 elementor-view-default elementor-position-block-start elementor-mobile-position-block-start elementor-widget elementor-widget-icon-box\" data-id=\"f02f04d\" data-element_type=\"widget\" data-e-type=\"widget\" data-widget_type=\"icon-box.default\">\n\t\t\t\t<div class=\"elementor-widget-container\">\n\t\t\t\t\t\t\t<div class=\"elementor-icon-box-wrapper\">\n\n\t\t\t\t\t\t<div class=\"elementor-icon-box-icon\">\n\t\t\t\t<span  class=\"elementor-icon\">\n\t\t\t\t<svg xmlns=\"http:\/\/www.w3.org\/2000\/svg\" width=\"41.956\" height=\"41.956\" viewbox=\"0 0 41.956 41.956\"><path d=\"M362.381,69.27l-10.6-10.6,1.355-1.355a4.008,4.008,0,0,1,5.669,0l4.931,4.931a4.009,4.009,0,0,1,0,5.669Zm0,0\" transform=\"translate(-322.954 -31.914)\" fill=\"#33cc66\"><\/path><path d=\"M56.137,354.311l1.355-1.355a4.008,4.008,0,0,1,5.669,0l4.931,4.931a4.013,4.013,0,0,1,0,5.669l-1.355,1.355Zm0,0\" transform=\"translate(-51.537 -351.781)\" fill=\"#33cc66\"><\/path><path d=\"M37.563,34.74C33.987,37.7,29.388,38.351,24.177,36.6c-4.463-1.5-9.4-4.808-13.9-9.309S2.466,17.85.965,13.386C-.788,8.176-.141,3.577,2.823,0L13.474,10.652c-2.289,3.568,1,7.791,3.324,10.113s6.546,5.613,10.113,3.324Zm0,0\" transform=\"translate(-0.001 4.393)\" fill=\"#33cc66\"><\/path><\/svg>\t\t\t\t<\/span>\n\t\t\t<\/div>\n\t\t\t\n\t\t\t\t\t\t<div class=\"elementor-icon-box-content\">\n\n\t\t\t\t\t\t\t\t\t<h4 class=\"elementor-icon-box-title\">\n\t\t\t\t\t\t<span  >\n\t\t\t\t\t\t\t\u0631\u0642\u0645 \u0627\u0644\u0647\u0627\u062a\u0641\t\t\t\t\t\t<\/span>\n\t\t\t\t\t<\/h4>\n\t\t\t\t\n\t\t\t\t\t\t\t\t\t<p class=\"elementor-icon-box-description\">\n\t\t\t\t\t\t+212610380800\t\t\t\t\t<\/p>\n\t\t\t\t\n\t\t\t<\/div>\n\t\t\t\n\t\t<\/div>\n\t\t\t\t\t\t<\/div>\n\t\t\t\t<\/div>\n\t\t\t\t\t<\/div>\n\t\t<\/div>\n\t\t\t\t<div class=\"aux-parallax-section elementor-column elementor-col-33 elementor-top-column elementor-element elementor-element-f480f43\" data-id=\"f480f43\" data-element_type=\"column\" data-e-type=\"column\">\n\t\t\t<div class=\"elementor-widget-wrap elementor-element-populated\">\n\t\t\t\t\t\t<div class=\"elementor-element elementor-element-cbdbcb5 aux-appear-watch-animation aux-fade-in-right-2 elementor-view-default elementor-position-block-start elementor-mobile-position-block-start elementor-widget elementor-widget-icon-box\" data-id=\"cbdbcb5\" data-element_type=\"widget\" data-e-type=\"widget\" data-widget_type=\"icon-box.default\">\n\t\t\t\t<div class=\"elementor-widget-container\">\n\t\t\t\t\t\t\t<div class=\"elementor-icon-box-wrapper\">\n\n\t\t\t\t\t\t<div class=\"elementor-icon-box-icon\">\n\t\t\t\t<span  class=\"elementor-icon\">\n\t\t\t\t<i aria-hidden=\"true\" class=\"fas fa-envelope\"><\/i>\t\t\t\t<\/span>\n\t\t\t<\/div>\n\t\t\t\n\t\t\t\t\t\t<div class=\"elementor-icon-box-content\">\n\n\t\t\t\t\t\t\t\t\t<h4 class=\"elementor-icon-box-title\">\n\t\t\t\t\t\t<span  >\n\t\t\t\t\t\t\t\u0627\u0644\u0628\u0631\u064a\u062f \u0627\u0644\u0625\u0644\u0643\u062a\u0631\u0648\u0646\u064a\t\t\t\t\t\t<\/span>\n\t\t\t\t\t<\/h4>\n\t\t\t\t\n\t\t\t\t\t\t\t\t\t<p class=\"elementor-icon-box-description\">\n\t\t\t\t\t\tagribior@gmail.com\t\t\t\t\t<\/p>\n\t\t\t\t\n\t\t\t<\/div>\n\t\t\t\n\t\t<\/div>\n\t\t\t\t\t\t<\/div>\n\t\t\t\t<\/div>\n\t\t\t\t\t<\/div>\n\t\t<\/div>\n\t\t\t\t\t<\/div>\n\t\t<\/section>\n\t\t\t\t<\/div>","protected":false},"excerpt":{"rendered":"<p>Qui sommes-nous ? Association Homme Et Environnement Nous sommes une organisation de la soci\u00e9t\u00e9 civile d\u00e9di\u00e9e \u00e0 la promotion de l&rsquo;\u00e9conomie sociale et solidaire ainsi qu&rsquo;\u00e0 l&rsquo;agriculture durable et \u00e0 l&rsquo;\u00e9cotourisme.Notre mission est de soutenir les coop\u00e9ratives locales et les initiatives communautaires en mettant en valeur leurs produits authentiques et \u00e9thiques. Nous croyons en un [&hellip;]<\/p>","protected":false},"author":1,"featured_media":0,"parent":0,"menu_order":0,"comment_status":"closed","ping_status":"closed","template":"templates\/page-builder-content.php","meta":{"_monsterinsights_skip_tracking":false,"_monsterinsights_sitenote_active":false,"_monsterinsights_sitenote_note":"","_monsterinsights_sitenote_category":0,"footnotes":""},"class_list":["post-118","page","type-page","status-publish","hentry"],"_links":{"self":[{"href":"https:\/\/koffa.ma\/ar\/wp-json\/wp\/v2\/pages\/118","targetHints":{"allow":["GET"]}}],"collection":[{"href":"https:\/\/koffa.ma\/ar\/wp-json\/wp\/v2\/pages"}],"about":[{"href":"https:\/\/koffa.ma\/ar\/wp-json\/wp\/v2\/types\/page"}],"author":[{"embeddable":true,"href":"https:\/\/koffa.ma\/ar\/wp-json\/wp\/v2\/users\/1"}],"replies":[{"embeddable":true,"href":"https:\/\/koffa.ma\/ar\/wp-json\/wp\/v2\/comments?post=118"}],"version-history":[{"count":39,"href":"https:\/\/koffa.ma\/ar\/wp-json\/wp\/v2\/pages\/118\/revisions"}],"predecessor-version":[{"id":1091,"href":"https:\/\/koffa.ma\/ar\/wp-json\/wp\/v2\/pages\/118\/revisions\/1091"}],"wp:attachment":[{"href":"https:\/\/koffa.ma\/ar\/wp-json\/wp\/v2\/media?parent=118"}],"curies":[{"name":"wp","href":"https:\/\/api.w.org\/{rel}","templated":true}]}}